{"id":2,"date":"2017-08-17T13:16:02","date_gmt":"2017-08-17T11:16:02","guid":{"rendered":"https:\/\/www.politischebildung.at\/pbb\/?page_id=2"},"modified":"2019-03-22T13:56:30","modified_gmt":"2019-03-22T12:56:30","slug":"beispiel-seite","status":"publish","type":"page","link":"https:\/\/www.politischebildung.at\/pbb\/beispiel-seite\/","title":{"rendered":"\u00dcber die Basisbildung"},"content":{"rendered":"<p>Hier finden Sie Definitionen und Abgrenzungen der Bereiche Alphabetisierung &#8211; Basisbildung &#8211; Grundbildung und Sprachunterricht in der Erwachsenenbildung sowie Informationen zu den g\u00e4ngigen Bezeichnungen in \u00d6sterreich. Sie finden ebenso Grundlagentexte und eine ausf\u00fchrliche Sammlung von Texten zu den aktuellen Debatten und Entwicklungen rund um das Thema Basisbildung\/Alphabetisierung.<\/p>\n<p>Au\u00dferdem ver\u00f6ffentlichen folgende <strong>Online Magazine<\/strong> regelm\u00e4\u00dfig Forschungsdiskurse und -ergebnisse aus dem Bereich der Erwachsenenbildung:<\/p>\n<p>Bundesministerium f\u00fcr Bildung, Wissenschaft und Forschung; Bundesinstitut f\u00fcr Erwachsenenbildung (Hrsg.): \u201e<a href=\"https:\/\/erwachsenenbildung.at\/magazin\/\" target=\"_blank\" rel=\"noopener noreferrer\">Magazin erwachsenenbildung.at. Das Fachmedium f\u00fcr Forschung, Praxis und Diskurs<\/a>.\u201c<\/p>\n<p>Deutsches Institut f\u00fcr Erwachsenenbildung \u2013 Leibniz-Zentrum f\u00fcr Lebenslanges Lernen (Hrsg.): \u201e<a href=\"https:\/\/www.die-bonn.de\/institut\/dienstleistungen\/publikationen\/report.aspx\" target=\"_blank\" rel=\"noopener noreferrer\">Zeitschrift f\u00fcr Weiterbildungsforschung<\/a>.\u201c<\/p>\n","protected":false},"excerpt":{"rendered":"<p>Hier finden Sie Definitionen und Abgrenzungen der Bereiche Alphabetisierung &#8211; Basisbildung &#8211; Grundbildung und Sprachunterricht in der Erwachsenenbildung sowie Informationen zu den g\u00e4ngigen Bezeichnungen in \u00d6sterreich. Sie finden ebenso Grundlagentexte und eine ausf\u00fchrliche Sammlung von Texten zu den aktuellen Debatten und Entwicklungen rund um das Thema Basisbildung\/Alphabetisierung. Au\u00dferdem ver\u00f6ffentlichen folgende Online Magazine regelm\u00e4\u00dfig Forschungsdiskurse und&#8230;<\/p>\n","protected":false},"author":1,"featured_media":0,"parent":0,"menu_order":0,"comment_status":"closed","ping_status":"open","template":"","meta":{"footnotes":""},"class_list":["post-2","page","type-page","status-publish","hentry"],"_links":{"self":[{"href":"https:\/\/www.politischebildung.at\/pbb\/wp-json\/wp\/v2\/pages\/2","targetHints":{"allow":["GET"]}}],"collection":[{"href":"https:\/\/www.politischebildung.at\/pbb\/wp-json\/wp\/v2\/pages"}],"about":[{"href":"https:\/\/www.politischebildung.at\/pbb\/wp-json\/wp\/v2\/types\/page"}],"author":[{"embeddable":true,"href":"https:\/\/www.politischebildung.at\/pbb\/wp-json\/wp\/v2\/users\/1"}],"replies":[{"embeddable":true,"href":"https:\/\/www.politischebildung.at\/pbb\/wp-json\/wp\/v2\/comments?post=2"}],"version-history":[{"count":9,"href":"https:\/\/www.politischebildung.at\/pbb\/wp-json\/wp\/v2\/pages\/2\/revisions"}],"predecessor-version":[{"id":777,"href":"https:\/\/www.politischebildung.at\/pbb\/wp-json\/wp\/v2\/pages\/2\/revisions\/777"}],"wp:attachment":[{"href":"https:\/\/www.politischebildung.at\/pbb\/wp-json\/wp\/v2\/media?parent=2"}],"curies":[{"name":"wp","href":"https:\/\/api.w.org\/{rel}","templated":true}]}}