{"id":28,"date":"2017-08-22T11:56:46","date_gmt":"2017-08-22T09:56:46","guid":{"rendered":"https:\/\/www.politischebildung.at\/pbb\/?page_id=28"},"modified":"2019-10-15T15:16:20","modified_gmt":"2019-10-15T13:16:20","slug":"aktuelle-debatten","status":"publish","type":"page","link":"https:\/\/www.politischebildung.at\/pbb\/beispiel-seite\/aktuelle-debatten\/","title":{"rendered":"Aktuelle Debatten"},"content":{"rendered":"<p>Aschemann, Birgit (2011): <a href=\"https:\/\/erwachsenenbildung.at\/downloads\/service\/materialien-eb_2011_1_gelingen_alphabetisierungskurse.pdf?m=1494705590\" target=\"_blank\" rel=\"noopener noreferrer\">Gelingensbedingungen f\u00fcr gemeinsame Alphabetisierungskurse (Deutsch und andere Erstsprachen)<\/a>.<\/p>\n<p style=\"padding-left: 40px;\"><em><span style=\"color: #808080;\">Kritische Reflexion von Alphabetisierungskursen mit Teilnehmenden mit unterschiedlichen Erstsprachen; Formulierung von Kriterien guter Praxis<\/span><\/em><\/p>\n<p>Aschemann, Birgit (2015): <a href=\"https:\/\/erwachsenenbildung.at\/downloads\/service\/materialien-eb_2015_1_wiewirktbasisbildung_aschemann.pdf\" target=\"_blank\" rel=\"noopener noreferrer\">Basisbildung wirkt. Wie wirkt Basisbildung? Eine internationale Forschungs\u00fcbersicht<\/a>.<\/p>\n<p style=\"padding-left: 40px;\"><em><span style=\"color: #808080;\">Sammlung und Auswertung internationaler empirischer Forschungsliteratur als Belege f\u00fcr Wirkung und Nutzen von Basisbildungsangeboten von Erwachsenen; Hinweise zur erfolgreichen und nachhaltigen Umsetzung von Angeboten<\/span><\/em><\/p>\n<p>bifeb und Fachgruppe Basisbildung (2016): <a href=\"https:\/\/www.bifeb.at\/fileadmin\/user_upload\/doc\/Dokumentation-Dark_Side_Literacy_2016.pdf\" target=\"_blank\" rel=\"noopener noreferrer\">Dokumentation| Dark Side of Literacy<\/a>.<\/p>\n<p style=\"padding-left: 40px;\"><em><span style=\"color: #808080;\">Diskussionen der Komplexit\u00e4t und der Implikationen des Konzepts Basisbildung und v.a. auch der negativen Aspekte der gegenw\u00e4rtigen Diskurse<\/span><\/em><\/p>\n<p>Brinkman, Andreas und Katja Klose (2008):\u00a0 <a href=\"https:\/\/archiv.alphabetisierung.de\/fileadmin\/files\/Dateien\/Downloads_Fachtagung\/Vortrag_Brinkmann_et_al_Fachtagung_Leipzig_2008-1.pdf\" target=\"_blank\" rel=\"noopener noreferrer\">Das ABC der Alphabetisierungsaktivit\u00e4ten &#8211; Was die Lerner in den Projekten so alles tun<\/a> &#8230;<\/p>\n<p style=\"padding-left: 40px;\"><em><span style=\"color: #808080;\">Ausf\u00fchrung \u00fcber die T\u00e4tigkeiten, welche an der Rolle der Lernenden haftet, sowie die M\u00f6glichkeiten der Partizipation der Lernenden in Alphabetisierungsprojekten<\/span><\/em><\/p>\n<p>Franz, Anja (2014): <a href=\"https:\/\/erwachsenenbildung.at\/magazin\/14-23\/08_franz.pdf\" target=\"_blank\" rel=\"noopener noreferrer\">Das Menschenbild von PIAAC: Eine sehr eingeschr\u00e4nkte Sicht auf den Menschen und auf Bildung<\/a>. In: Magazin erwachsenenbildung.at, Ausgabe 23. Wien.<\/p>\n<p style=\"padding-left: 40px;\"><em><span style=\"color: #808080;\">Rekonstruktion und Kritik des \u00f6konomisch fokussierten Menschenbilds und Bildungsbegriffs von PIAAC mittels einer Dokumentenanalyse<\/span><\/em><\/p>\n<p>Fritz, Thomas (2017): <a href=\"https:\/\/erwachsenenbildung.at\/magazin\/17-31\/04_fritz.pdf\" target=\"_blank\" rel=\"noopener noreferrer\">Wertekurse im Kr\u00e4ftespiel von Nationalisierung und Globalisierung. Ein Pl\u00e4doyer f\u00fcr eine bewusste politische Bildung im Migrationskontext<\/a>. In: Magazin erwachsenenbildung.at, Ausgabe 31. Wien.<\/p>\n<p style=\"padding-left: 40px;\"><em><span style=\"color: #808080;\">Argumentation f\u00fcr Erwachsenenbildung (und somit auch Basisbildungsangebote) als Rahmen f\u00fcr emanzipatorische politische Bildung anstelle der Anordnung von bestimmten Werten<\/span><\/em><\/p>\n<p>Kastner, Monika (2017): <a href=\"http:\/\/magazin.vhs.or.at\/wp-content\/uploads\/2017\/07\/OVH_Magazin_261_01_2017_MAIL5.pdf\" target=\"_blank\" rel=\"noopener noreferrer\">Wider den g\u00e4ngigen und bequemen defizitorientierten Blick auf bildungsbenachteiligte Erwachsene<\/a>. In: Die \u00d6sterreichische Volkshochschule: Magazin f\u00fcr Erwachsenenbildung.<\/p>\n<p style=\"padding-left: 40px;\"><em><span style=\"color: #808080;\">Kurze Auseinandersetzung mit dem gesellschaftlichen, stigmatisierenden Blick auf und dem gesellschaftlichen Umgang mit bildungsbenachteiligten Personen\/ dem Ph\u00e4nomenen Bildungsbenachteiligung<\/span><\/em><\/p>\n<p>Krenn, Manfred (2013): <a href=\"https:\/\/erwachsenenbildung.at\/downloads\/service\/materialien-eb_2013-1_aus_dem_Schatten_des_Bildungsduenkels.pdf?m=1494705626&amp;http:\/\/www.gertrud-kamper.de\/resources\/aufsaetze_pdf\/handb.EB_1999.pdfng\/Vortrag_Brinkmann_et_al_Fachtagung_Leipzig_2008-1.pdf\" target=\"_blank\" rel=\"noopener noreferrer\">Aus dem Schatten des \u201aBildungsd\u00fcnkels\u2018: Bildungsbenachteiligung, Bew\u00e4ltigungsformen und Kompetenzen von Menschen mit geringen Schriftsprachkompetenzen<\/a>. In: Materialien zur Erwachsenenbildung, Nr. 1\/2013.<\/p>\n<p style=\"padding-left: 40px;\"><em><span style=\"color: #808080;\">Detaillierte Untersuchung geringer Schriftsprachkompetenz als komplexes soziales Problem statt als individuelles Lerndefizit mit Fokus auf den Entstehungszusammenh\u00e4ngen, den Zuschreibungsprozessen und den Auswirkungen auf Betroffene<\/span><\/em><\/p>\n<p>Kulmer, Karin (2017): <a href=\"https:\/\/erwachsenenbildung.at\/downloads\/aktuell\/serien\/seriemigrationsgesellschaft2016.pdf\" target=\"_blank\" rel=\"noopener noreferrer\">(Kritische) Basisbildung mitgestalten. Seit J\u00e4nner 2016 absolvieren 23 MigrantInnen eine Ausbildung zur\/zum BasisbildnerIn und setzen dabei ihre vielf\u00e4ltigen Ressourcen ein<\/a>. In Serie: Erwachsenenbildung in der Migrationsgesellschaft, hrsg. vom Verein CONEDU.<\/p>\n<p style=\"padding-left: 40px;\"><em><span style=\"color: #808080;\">Kurzvorstellung eines Ausbildungsangebots zur Basisbildner_in des Vereins \u201edas kollektiv\u201c, welches sich speziell an Personen mit Migrationserfahrung richtet<\/span><\/em><\/p>\n<p>MIKA Netzwerk (2019): <a href=\"https:\/\/www.netzwerkmika.at\/application\/files\/9115\/4866\/2579\/MIKA_positionspapier_MIKA_Netzwerk_2019.pdf\" target=\"_blank\" rel=\"noopener noreferrer\">Wir und die Anderen. Basisbildung und Differenz. Positionen des Netzwerks MIKA<\/a>.<\/p>\n<p style=\"padding-left: 40px;\"><em><span style=\"color: #808080;\">Pl\u00e4doyer f\u00fcr das Bewusstmachen und das aktive Auseinandersetzen mit Differenzierung und Zuschreibungen -auch- im Kontext Lehrender und Lernender in der Basisbildung f\u00fcr Migrant_innen<\/span><\/em><\/p>\n<p>Rechling, Daniela (2017): <a href=\"https:\/\/igdazdafbasisbildung.noblogs.org\/post\/2017\/07\/10\/werte-mussen-diskutierbar-bleiben\/2017\/\" target=\"_blank\" rel=\"noopener noreferrer\">Werte m\u00fcssen diskutierbar bleiben<\/a>.<\/p>\n<p style=\"padding-left: 40px;\"><em><span style=\"color: #808080;\">Stellungnahme gegen verpflichtende \u201eWerte- und Orientierungskurse\u201c, welche von DaF\/DaZ-Lehrende durchgef\u00fchrt werden sollen<\/span><\/em><\/p>\n<p>Rosenbladt, Bernhard von und Rainer H. Lehmann (2013): <a href=\"https:\/\/www.die-bonn.de\/doks\/2013-alphabetisierung-01.pdf\" target=\"_blank\" rel=\"noopener noreferrer\">Begrenzte Lernerfolge in Alphabetisierungskursen. Befunde aus der Forschung \u2013 Konsequenzen f\u00fcr die Praxis<\/a>.<\/p>\n<p style=\"padding-left: 40px;\"><em><span style=\"color: #808080;\">Darlegung der Ergebnisse der \u201eAlphapanel\u201c Studie, welche den geringf\u00fcgigen Kompetenzzuwachs Teilnehmender von Alphabetisierungskursen in Deutschland offenbart; Ableitung einer Kritik an gegenw\u00e4rtigen Programmen<\/span><\/em><\/p>\n<p>Salgado, Rubia (2017): <a href=\"https:\/\/erwachsenenbildung.at\/aktuell\/nachrichten_details.php?nid=11811\" target=\"_blank\" rel=\"noopener noreferrer\">Wir sind Lehrer_innen, keine Werte- und Sprachpolizist_innen<\/a>.<\/p>\n<p style=\"padding-left: 40px;\"><em><span style=\"color: #808080;\">Positionierung des Netzwerks MIKA angesichts des Widerstands von DaZ- und Basisbildungslehrende gegen verpflichtende \u201eWerte- und Orientierungskurse\u201c<\/span><\/em><\/p>\n<p>Sch\u00f6ll, Ingrid (2014): <a href=\"https:\/\/www.die-bonn.de\/zeitschrift\/32014\/kompetenz-02.pdf\" target=\"_blank\" rel=\"noopener noreferrer\">Was aus PIAAC folgen muss &#8211; Pl\u00e4doyer f\u00fcr ein Bundesamt zur Grundbildungssicherung<\/a>.<\/p>\n<p style=\"padding-left: 40px;\"><em><span style=\"color: #808080;\">Forderung der Einrichtung eines Bundesamtes zur Grundbildungssicherung zum Beheben der Defizite in den Grundkompetenzen der erwachsenen Bev\u00f6lkerung und zum Verringern der Bildungsl\u00fccken innerhalb der Gesellschaft<\/span><\/em><\/p>\n<p>Wurzenrainer, Martin und Angelika Hrubesch (2014): <a href=\"https:\/\/www.netzwerkmika.at\/application\/files\/9114\/7885\/0200\/Migr_BaBi_Broschuere_final.pdf\" target=\"_blank\" rel=\"noopener noreferrer\">Migrant_innen mit Basisbildungsbed\u00fcrfnissen im Fokus<\/a>.<\/p>\n<p style=\"padding-left: 40px;\"><em><span style=\"color: #808080;\">Zusammenstellung von Informationen \u00fcber die biographischen Hintergr\u00fcnde von und die Auswirkungen der gesellschaftlich postulierten Bedarfe auf Migrant_innen mit Basisbildungsbed\u00fcrfnissen, welche aus Interviews mit eben diesen gewonnen wurden<\/span><\/em><\/p>\n","protected":false},"excerpt":{"rendered":"<p>Aschemann, Birgit (2011): Gelingensbedingungen f\u00fcr gemeinsame Alphabetisierungskurse (Deutsch und andere Erstsprachen). Kritische Reflexion von Alphabetisierungskursen mit Teilnehmenden mit unterschiedlichen Erstsprachen; Formulierung von Kriterien guter Praxis Aschemann, Birgit (2015): Basisbildung wirkt. Wie wirkt Basisbildung? Eine internationale Forschungs\u00fcbersicht. Sammlung und Auswertung internationaler empirischer Forschungsliteratur als Belege f\u00fcr Wirkung und Nutzen von Basisbildungsangeboten von Erwachsenen; Hinweise zur erfolgreichen&#8230;<\/p>\n","protected":false},"author":2,"featured_media":0,"parent":2,"menu_order":0,"comment_status":"closed","ping_status":"closed","template":"","meta":{"footnotes":""},"class_list":["post-28","page","type-page","status-publish","hentry"],"_links":{"self":[{"href":"https:\/\/www.politischebildung.at\/pbb\/wp-json\/wp\/v2\/pages\/28","targetHints":{"allow":["GET"]}}],"collection":[{"href":"https:\/\/www.politischebildung.at\/pbb\/wp-json\/wp\/v2\/pages"}],"about":[{"href":"https:\/\/www.politischebildung.at\/pbb\/wp-json\/wp\/v2\/types\/page"}],"author":[{"embeddable":true,"href":"https:\/\/www.politischebildung.at\/pbb\/wp-json\/wp\/v2\/users\/2"}],"replies":[{"embeddable":true,"href":"https:\/\/www.politischebildung.at\/pbb\/wp-json\/wp\/v2\/comments?post=28"}],"version-history":[{"count":31,"href":"https:\/\/www.politischebildung.at\/pbb\/wp-json\/wp\/v2\/pages\/28\/revisions"}],"predecessor-version":[{"id":856,"href":"https:\/\/www.politischebildung.at\/pbb\/wp-json\/wp\/v2\/pages\/28\/revisions\/856"}],"up":[{"embeddable":true,"href":"https:\/\/www.politischebildung.at\/pbb\/wp-json\/wp\/v2\/pages\/2"}],"wp:attachment":[{"href":"https:\/\/www.politischebildung.at\/pbb\/wp-json\/wp\/v2\/media?parent=28"}],"curies":[{"name":"wp","href":"https:\/\/api.w.org\/{rel}","templated":true}]}}