{"id":30,"date":"2017-08-22T11:58:06","date_gmt":"2017-08-22T09:58:06","guid":{"rendered":"https:\/\/www.politischebildung.at\/pbb\/?page_id=30"},"modified":"2019-03-14T13:23:05","modified_gmt":"2019-03-14T12:23:05","slug":"ueber-diese-datenbank","status":"publish","type":"page","link":"https:\/\/www.politischebildung.at\/pbb\/","title":{"rendered":"\u00dcber diese Datenbank"},"content":{"rendered":"<p>Diese Datenbank stellt einen themenbezogenen Methoden- und Materialienpool f\u00fcr die politische Bildung in der Basisbildung dar. Sie geht zur\u00fcck auf ein Gemeinschaftsprojekt der\u00a0<a href=\"http:\/\/www.politischebildung.at\/\" target=\"_blank\" rel=\"noopener noreferrer\">\u00d6sterreichischen Gesellschaft f\u00fcr politische Bildung<\/a>\u00a0mit der\u00a0<a href=\"http:\/\/minderheiten.at\/\" target=\"_blank\" rel=\"noopener noreferrer\">Initiative Minderheiten<\/a>\u00a0und\u00a0<a href=\"http:\/\/www.somm.at\/\" target=\"_blank\" rel=\"noopener noreferrer\">SOMM<\/a>\u00a0(Selbstorganisation von und f\u00fcr Migrantinnen und Musliminnen), dass 2008-2010 unter dem Titel \u201eAlpha Laboratorium\u201c durchgef\u00fchrt wurde. Die Idee zum Projekt kam von\u00a0<a href=\"http:\/\/www.maiz.at\/\" target=\"_blank\" rel=\"noopener noreferrer\">MAIZ<\/a>\u00a0\u2013 Autonomes Zentrum von und f\u00fcr Migrantinnen; finanziert wurde es vom Bildungsministerium (damals: BMUKK).<\/p>\n<p>Die Datenbank richtet sich in erster Linie an Personen, die im Bereich der Basisbildung t\u00e4tig sind. Auch Wissenschafter_innen, politische Bildner_innen und Interessierte k\u00f6nnen n\u00fctzliche Links und Informationen auf diesen Seiten finden.<\/p>\n","protected":false},"excerpt":{"rendered":"<p>Diese Datenbank stellt einen themenbezogenen Methoden- und Materialienpool f\u00fcr die politische Bildung in der Basisbildung dar. Sie geht zur\u00fcck auf ein Gemeinschaftsprojekt der\u00a0\u00d6sterreichischen Gesellschaft f\u00fcr politische Bildung\u00a0mit der\u00a0Initiative Minderheiten\u00a0und\u00a0SOMM\u00a0(Selbstorganisation von und f\u00fcr Migrantinnen und Musliminnen), dass 2008-2010 unter dem Titel \u201eAlpha Laboratorium\u201c durchgef\u00fchrt wurde. Die Idee zum Projekt kam von\u00a0MAIZ\u00a0\u2013 Autonomes Zentrum von und f\u00fcr&#8230;<\/p>\n","protected":false},"author":2,"featured_media":0,"parent":0,"menu_order":0,"comment_status":"closed","ping_status":"closed","template":"","meta":{"footnotes":""},"class_list":["post-30","page","type-page","status-publish","hentry"],"_links":{"self":[{"href":"https:\/\/www.politischebildung.at\/pbb\/wp-json\/wp\/v2\/pages\/30","targetHints":{"allow":["GET"]}}],"collection":[{"href":"https:\/\/www.politischebildung.at\/pbb\/wp-json\/wp\/v2\/pages"}],"about":[{"href":"https:\/\/www.politischebildung.at\/pbb\/wp-json\/wp\/v2\/types\/page"}],"author":[{"embeddable":true,"href":"https:\/\/www.politischebildung.at\/pbb\/wp-json\/wp\/v2\/users\/2"}],"replies":[{"embeddable":true,"href":"https:\/\/www.politischebildung.at\/pbb\/wp-json\/wp\/v2\/comments?post=30"}],"version-history":[{"count":3,"href":"https:\/\/www.politischebildung.at\/pbb\/wp-json\/wp\/v2\/pages\/30\/revisions"}],"predecessor-version":[{"id":443,"href":"https:\/\/www.politischebildung.at\/pbb\/wp-json\/wp\/v2\/pages\/30\/revisions\/443"}],"wp:attachment":[{"href":"https:\/\/www.politischebildung.at\/pbb\/wp-json\/wp\/v2\/media?parent=30"}],"curies":[{"name":"wp","href":"https:\/\/api.w.org\/{rel}","templated":true}]}}