{"id":34,"date":"2017-08-22T12:01:03","date_gmt":"2017-08-22T10:01:03","guid":{"rendered":"https:\/\/www.politischebildung.at\/pbb\/?page_id=34"},"modified":"2019-04-23T11:04:35","modified_gmt":"2019-04-23T09:04:35","slug":"methoden-der-pbb","status":"publish","type":"page","link":"https:\/\/www.politischebildung.at\/pbb\/beispiel-2\/methoden-der-pbb\/","title":{"rendered":"Methoden der PBB"},"content":{"rendered":"<p>Hier folgt eine Aufstellung und Zusammenfassung ausgew\u00e4hlter Methoden aus der politischen Erwachsenenbildung, die im Kontext <em>von<\/em> Alphabetisierungs- und Basisbildungskursen zur Anwendung kommen k\u00f6nnen.<\/p>\n<p><a href=\"https:\/\/www.politischebildung.at\/pbb\/2017\/09\/29\/argumentationstraining\/\" target=\"_blank\" rel=\"noopener noreferrer\">Argumentationstraining\u00a0<\/a>\u00a0<span id=\"argumentation\" class=\"sta-anchor \" aria-hidden=\"true\"><\/span>Was ist typisch f\u00fcr Stammtischparolen? Wie kann nicht-aggressive Kommunikation ge\u00fcbt werden? Was hilft (Rede-)\u00c4ngste abzubauen und f\u00f6rdert Zivilcourage bzw. ermuntert zu engagiertem Handeln?<\/p>\n<p><span id=\"bilder-interpretieren\" class=\"sta-anchor \" aria-hidden=\"true\"><\/span><a href=\"https:\/\/www.politischebildung.at\/pbb\/2017\/09\/29\/bilder-interpretieren\/\" target=\"_blank\" rel=\"noopener noreferrer\">Bilder interpretieren\u00a0<\/a>1. Bildbeschreibung, 2. Bildanalyse,\u00a03.Bildinterpretation<\/p>\n<p><span id=\"biografische-zugaenge\" class=\"sta-anchor \" aria-hidden=\"true\"><\/span><a href=\"https:\/\/www.politischebildung.at\/pbb\/2017\/09\/29\/biografische-zugaenge\/\" target=\"_blank\" rel=\"noopener noreferrer\">Biografische Zug\u00e4nge\u00a0\u00a0<\/a>Biografische Zug\u00e4nge in Form von 1.Bildbetrachtung, 2. Biografisches Kennenlernen oder 3. als themenzentriertes Interview.<\/p>\n<p><span id=\"fallanalyse\" class=\"sta-anchor \" aria-hidden=\"true\"><\/span> <a href=\"https:\/\/www.politischebildung.at\/pbb\/2019\/03\/19\/fallanalysen\/\" target=\"_blank\" rel=\"noopener noreferrer\">Fallanalysen<\/a> Ein problemhaltiger Fall wird analysiert und darauf wird eine Entscheidung f\u00fcr eine L\u00f6sungsm\u00f6glichkeit getroffen.<\/p>\n<p><span id=\"fallbesprechungen\" class=\"sta-anchor \" aria-hidden=\"true\"><\/span><a href=\"https:\/\/www.politischebildung.at\/pbb\/2017\/09\/29\/fallbesprechungen\/\" target=\"_blank\" rel=\"noopener noreferrer\">Fallbesprechungen\u00a0<\/a>Dabei steht im Zentrum sowohl der Erfahrungsaustausch als auch die reflexive und produktive Verarbeitung von Erfahrungen sowie das Zulassen neuer Erfahrungen und die kritische bzw. solidarische R\u00fcckmeldung anderer.<\/p>\n<p><span id=\"fischbowl\" class=\"sta-anchor \" aria-hidden=\"true\"><\/span><a href=\"https:\/\/www.politischebildung.at\/pbb\/2017\/10\/03\/fishbowl\/\" target=\"_blank\" rel=\"noopener noreferrer\">Fishbowl\u00a0<\/a>Geeignete Methode um in gro\u00dfen Gruppen zu diskutieren. Die Teilnehmenden bilden dabei einen inneren und einen \u00e4u\u00dferen Sitzkreis.<\/p>\n<p><span id=\"karikaturen\" class=\"sta-anchor \" aria-hidden=\"true\"><\/span><a href=\"https:\/\/www.politischebildung.at\/pbb\/2017\/10\/03\/karikaturen\/\" target=\"_blank\" rel=\"noopener noreferrer\">Karikaturen<\/a> Karikaturen sind sehr geeignet als Lach- und Gespr\u00e4chsanlass, allerdings sollten sie sorgf\u00e4ltig ausgew\u00e4hlt werden, denn das Entschl\u00fcsseln von Karikaturen verlangt ein nicht unbeachtliches Vorwissen und einen Dechiffrierungscode.<br \/>\nKarikaturen haben sozial-emotionale und kognitive Effekte, das Arbeiten mit ihnen bietet gute Denkanst\u00f6\u00dfe. Dar\u00fcber hinaus k\u00f6nnen sie Anl\u00e4sse zur Selbstreflexion und Selbstkritik sein. Au\u00dferdem eignen sie sich zur Gestaltung von Anfangssituationen.<\/p>\n<p><span id=\"moralische-dilemmata\" class=\"sta-anchor \" aria-hidden=\"true\"><\/span><a href=\"https:\/\/www.politischebildung.at\/pbb\/2017\/10\/03\/moralische-dilemmata\/\" target=\"_blank\" rel=\"noopener noreferrer\">Moralische Dilemmata\u00a0<\/a>Lernen an Widerspr\u00fcchen \u2013 eine Zwangslage, die eine Entscheidung zwischen zwei gleich (un-)g\u00fcnstigen M\u00f6glichkeiten fordert \u2013 steht bei dieser Methode im Mittelpunkt.<\/p>\n<p><span id=\"planspiel\" class=\"sta-anchor \" aria-hidden=\"true\"><\/span><a href=\"https:\/\/www.politischebildung.at\/pbb\/2017\/10\/03\/planspiel\/\" target=\"_blank\" rel=\"noopener noreferrer\">Planspiel<\/a> Hintergrund bildet ein Szenario, das fiktiv oder dem aktuellen politischen Geschehen entlehnt sein kann. Die Teilnehmenden \u00fcbernehmen die Rollen von Akteuren und Akteurinnen und spielen die durch das Szenario vorgegebenen Verhandlungs- und Entscheidungsprozesse nach.<\/p>\n<p><span id=\"pro-und-contra-debatte\" class=\"sta-anchor \" aria-hidden=\"true\"><\/span><a href=\"https:\/\/www.politischebildung.at\/pbb\/2017\/10\/03\/pro-und-contra-debatte\/\" target=\"_blank\" rel=\"noopener noreferrer\">Pro- und Contra-Debatte<\/a>\u00a0Eine kontroverse Debatte wird bearbeitet, d. h. eine Pro- und eine Contra-Gruppe wird gebildet, die jeweils Argumente und Informationen sammeln.<\/p>\n<p><span id=\"rollenspiel\" class=\"sta-anchor \" aria-hidden=\"true\"><\/span><a href=\"https:\/\/www.politischebildung.at\/pbb\/2017\/10\/03\/rollenspiele\/\" target=\"_blank\" rel=\"noopener noreferrer\">Rollenspiel<\/a> Fu\u0308r das Nachempfinden bestimmter Rollen bieten sich Rollenspiele an, in denen Alltagssituationen oder Konflikte nachgespielt oder vorausschauend bearbeitet werden. Ein Rollenspiel kann sehr gut helfen, sich in bestimmte Situationen oder Menschen hineinzuversetzen.<\/p>\n<p><span id=\"schreibwerkstatt\" class=\"sta-anchor \" aria-hidden=\"true\"><\/span><a href=\"https:\/\/www.politischebildung.at\/pbb\/2017\/10\/03\/schreibwerkstatt\/\" target=\"_blank\" rel=\"noopener noreferrer\">Schreibwerkstatt<\/a><strong>\u00a0<\/strong>Kreatives Schreiben steht dabei im Vordergrund \u2013 durch Sprachspiele, Assoziations\u00fcbungen und Schreibtechniken k\u00f6nnen diese kreativen Prozesse initiiert werden.<\/p>\n<p><span id=\"seitenwechsel\" class=\"sta-anchor \" aria-hidden=\"true\"><\/span><a href=\"https:\/\/www.politischebildung.at\/pbb\/2019\/03\/20\/seitenwechsel\/\" target=\"_blank\" rel=\"noopener noreferrer\">Seitenwechsel<\/a> Durch Ver\u00e4nderung der Kontexte oder Wechsel der Standpunkte wird das Spektrum der Wahrnehmung erweitert und Kompetenzen wie Empathie und Toleranz gef\u00f6rdert.<\/p>\n<p><span id=\"szenariotechnik\" class=\"sta-anchor \" aria-hidden=\"true\"><\/span><a href=\"https:\/\/www.politischebildung.at\/pbb\/2017\/10\/03\/szenariotechnik\/\" target=\"_blank\" rel=\"noopener noreferrer\">Szenariotechnik<\/a><strong>\u00a0<\/strong>Szenarien sind unterschiedliche Wirklichkeitskonstruktionen; ihnen liegen Interessen, Erfahrungen und Visionen zu Grunde. Sie basieren auf der Annahme, dass gesellschaftliche Verh\u00e4ltnisse ver\u00e4nderbar sind.<\/p>\n<p><span id=\"szenisches-spiel\" class=\"sta-anchor \" aria-hidden=\"true\"><\/span><a href=\"https:\/\/www.politischebildung.at\/pbb\/2017\/10\/03\/szenisches-spiel\/\" target=\"_blank\" rel=\"noopener noreferrer\">Szenisches Spiel<\/a><strong>\u00a0<\/strong>Beim szenischen Spiel werden\u00a0Ausdrucks- und Verhaltensweisen der Spieler\/innen bewusst aktiviert. Das szenische Spiel ist ein geeignetes Mittel, \u00dcbertragungs- und Abwehrmechanismen bei einzelnen und in Gruppen in konkreten Situationen zu untersuchen.<\/p>\n<p><span id=\"vier-ecken\" class=\"sta-anchor \" aria-hidden=\"true\"><\/span><a href=\"https:\/\/www.politischebildung.at\/pbb\/2017\/10\/03\/vier-ecken\/\" target=\"_blank\" rel=\"noopener noreferrer\">Vier Ecken<\/a> Die in den vier Ecken des Raumes gegens\u00e4tzlich gestalteten Aussagen sind ein Anreiz, sich selbst nach der Meinung zu fragen. Die Lernenden ordnen sich jener Aussage zu, der sie am ehesten zustimmen k\u00f6nnen, in dem sie sich in die entsprechende Ecke begeben.<\/p>\n<p><span id=\"zukunftswerkstatt\" class=\"sta-anchor \" aria-hidden=\"true\"><\/span><a href=\"https:\/\/www.politischebildung.at\/pbb\/2017\/10\/03\/zukunftswerkstatt\/\" target=\"_blank\" rel=\"noopener noreferrer\">Zukunftswerkstatt<\/a>\u00a0Ziel ist es dabei, Phantasie f\u00fcr nachhaltige, sozial- und umweltvertr\u00e4gliche L\u00f6sungen gesellschaftlicher Probleme zu entwickeln.<\/p>\n<p><strong>Quellen<\/strong><br \/>\nLange, Dirk (Hrsg.) (2007): Methoden politischer Bildung, Basiswissen Politische Bildung, Band 6 von 6, Schneider Verlag Hohengehren.<br \/>\nSiebert, Horst (2004): Methoden f\u00fcr die Bildungsarbeit, Leitfaden f\u00fcr die Bildungsarbeit, Perspektive Praxis, Wbv, DIE.<\/p>\n<p><strong>Zusammenfassung<\/strong><br \/>\nAnna-Elisabeth Mayer \/ \u00dcberarbeitung Nele Meier (2017 ); Valeria Ekamp (2019)<\/p>\n","protected":false},"excerpt":{"rendered":"<p>Hier folgt eine Aufstellung und Zusammenfassung ausgew\u00e4hlter Methoden aus der politischen Erwachsenenbildung, die im Kontext von Alphabetisierungs- und Basisbildungskursen zur Anwendung kommen k\u00f6nnen. Argumentationstraining\u00a0\u00a0Was ist typisch f\u00fcr Stammtischparolen? Wie kann nicht-aggressive Kommunikation ge\u00fcbt werden? Was hilft (Rede-)\u00c4ngste abzubauen und f\u00f6rdert Zivilcourage bzw. ermuntert zu engagiertem Handeln? Bilder interpretieren\u00a01. Bildbeschreibung, 2. Bildanalyse,\u00a03.Bildinterpretation Biografische Zug\u00e4nge\u00a0\u00a0Biografische Zug\u00e4nge in&#8230;<\/p>\n","protected":false},"author":2,"featured_media":0,"parent":5,"menu_order":0,"comment_status":"closed","ping_status":"closed","template":"","meta":{"footnotes":""},"class_list":["post-34","page","type-page","status-publish","hentry"],"_links":{"self":[{"href":"https:\/\/www.politischebildung.at\/pbb\/wp-json\/wp\/v2\/pages\/34","targetHints":{"allow":["GET"]}}],"collection":[{"href":"https:\/\/www.politischebildung.at\/pbb\/wp-json\/wp\/v2\/pages"}],"about":[{"href":"https:\/\/www.politischebildung.at\/pbb\/wp-json\/wp\/v2\/types\/page"}],"author":[{"embeddable":true,"href":"https:\/\/www.politischebildung.at\/pbb\/wp-json\/wp\/v2\/users\/2"}],"replies":[{"embeddable":true,"href":"https:\/\/www.politischebildung.at\/pbb\/wp-json\/wp\/v2\/comments?post=34"}],"version-history":[{"count":129,"href":"https:\/\/www.politischebildung.at\/pbb\/wp-json\/wp\/v2\/pages\/34\/revisions"}],"predecessor-version":[{"id":842,"href":"https:\/\/www.politischebildung.at\/pbb\/wp-json\/wp\/v2\/pages\/34\/revisions\/842"}],"up":[{"embeddable":true,"href":"https:\/\/www.politischebildung.at\/pbb\/wp-json\/wp\/v2\/pages\/5"}],"wp:attachment":[{"href":"https:\/\/www.politischebildung.at\/pbb\/wp-json\/wp\/v2\/media?parent=34"}],"curies":[{"name":"wp","href":"https:\/\/api.w.org\/{rel}","templated":true}]}}