{"id":5,"date":"2017-08-22T10:36:47","date_gmt":"2017-08-22T08:36:47","guid":{"rendered":"https:\/\/www.politischebildung.at\/pbb\/?page_id=5"},"modified":"2019-03-22T13:56:06","modified_gmt":"2019-03-22T12:56:06","slug":"beispiel-2","status":"publish","type":"page","link":"https:\/\/www.politischebildung.at\/pbb\/beispiel-2\/","title":{"rendered":"Methoden und \u00dcbungen"},"content":{"rendered":"<p>Hier finden Sie ausgew\u00e4hlte Methoden, die in der politischen Erwachsenenbildung zur Anwendung kommen k\u00f6nnen. Einzelne \u00dcbungen, die sie ebenfalls als Beispiele unter den verschiedenen Methoden finden, sind hier nach Themen geordnet. Durch weiterf\u00fchrende Links gelangen sie zu ausgearbeiteten Materialien anderer Organisationen.<\/p>\n","protected":false},"excerpt":{"rendered":"<p>Hier finden Sie ausgew\u00e4hlte Methoden, die in der politischen Erwachsenenbildung zur Anwendung kommen k\u00f6nnen. Einzelne \u00dcbungen, die sie ebenfalls als Beispiele unter den verschiedenen Methoden finden, sind hier nach Themen geordnet. Durch weiterf\u00fchrende Links gelangen sie zu ausgearbeiteten Materialien anderer Organisationen.<\/p>\n","protected":false},"author":1,"featured_media":0,"parent":0,"menu_order":0,"comment_status":"closed","ping_status":"closed","template":"","meta":{"footnotes":""},"class_list":["post-5","page","type-page","status-publish","hentry"],"_links":{"self":[{"href":"https:\/\/www.politischebildung.at\/pbb\/wp-json\/wp\/v2\/pages\/5","targetHints":{"allow":["GET"]}}],"collection":[{"href":"https:\/\/www.politischebildung.at\/pbb\/wp-json\/wp\/v2\/pages"}],"about":[{"href":"https:\/\/www.politischebildung.at\/pbb\/wp-json\/wp\/v2\/types\/page"}],"author":[{"embeddable":true,"href":"https:\/\/www.politischebildung.at\/pbb\/wp-json\/wp\/v2\/users\/1"}],"replies":[{"embeddable":true,"href":"https:\/\/www.politischebildung.at\/pbb\/wp-json\/wp\/v2\/comments?post=5"}],"version-history":[{"count":7,"href":"https:\/\/www.politischebildung.at\/pbb\/wp-json\/wp\/v2\/pages\/5\/revisions"}],"predecessor-version":[{"id":776,"href":"https:\/\/www.politischebildung.at\/pbb\/wp-json\/wp\/v2\/pages\/5\/revisions\/776"}],"wp:attachment":[{"href":"https:\/\/www.politischebildung.at\/pbb\/wp-json\/wp\/v2\/media?parent=5"}],"curies":[{"name":"wp","href":"https:\/\/api.w.org\/{rel}","templated":true}]}}